{"id":258,"date":"2018-01-22T10:17:40","date_gmt":"2018-01-22T14:17:40","guid":{"rendered":"http:\/\/ayuntamiento.o\/transparencia\/?page_id=258"},"modified":"2025-02-12T09:43:12","modified_gmt":"2025-02-12T13:43:12","slug":"responsable-de-acceso-a-la-informacion","status":"publish","type":"page","link":"https:\/\/juntadistritallasgaleras.gob.do\/transparencia\/responsable-de-acceso-a-la-informacion\/","title":{"rendered":"Responsable de Acceso a la Informaci\u00f3n"},"content":{"rendered":"\n<figure class=\"wp-container-2 wp-block-gallery-1 wp-block-gallery has-nested-images columns-default is-cropped\">\n<figure class=\"wp-block-image size-large is-style-rounded\"><img loading=\"lazy\" width=\"700\" height=\"933\" data-id=\"821\"  src=\"https:\/\/juntadistritallasgaleras.gob.do\/transparencia\/wp-content\/uploads\/2025\/01\/Imagen-de-WhatsApp-2025-01-03-a-las-09.07.50_0d67f1d3-700x933.jpg\" alt=\"\" class=\"wp-image-821\" srcset=\"https:\/\/juntadistritallasgaleras.gob.do\/transparencia\/wp-content\/uploads\/2025\/01\/Imagen-de-WhatsApp-2025-01-03-a-las-09.07.50_0d67f1d3-700x933.jpg 700w, https:\/\/juntadistritallasgaleras.gob.do\/transparencia\/wp-content\/uploads\/2025\/01\/Imagen-de-WhatsApp-2025-01-03-a-las-09.07.50_0d67f1d3-250x333.jpg 250w, https:\/\/juntadistritallasgaleras.gob.do\/transparencia\/wp-content\/uploads\/2025\/01\/Imagen-de-WhatsApp-2025-01-03-a-las-09.07.50_0d67f1d3-768x1024.jpg 768w, https:\/\/juntadistritallasgaleras.gob.do\/transparencia\/wp-content\/uploads\/2025\/01\/Imagen-de-WhatsApp-2025-01-03-a-las-09.07.50_0d67f1d3-1152x1536.jpg 1152w, https:\/\/juntadistritallasgaleras.gob.do\/transparencia\/wp-content\/uploads\/2025\/01\/Imagen-de-WhatsApp-2025-01-03-a-las-09.07.50_0d67f1d3-120x160.jpg 120w, https:\/\/juntadistritallasgaleras.gob.do\/transparencia\/wp-content\/uploads\/2025\/01\/Imagen-de-WhatsApp-2025-01-03-a-las-09.07.50_0d67f1d3.jpg 1200w\" sizes=\"(max-width: 700px) 100vw, 700px\" \/><\/figure>\n<\/figure>\n\n\n<p class=\"paragraph ng-attr-widget\"><strong>Escarolin Mart\u00ednez Dom\u00ednguez<\/strong><\/p>\n<p>Calle Principal, Avenida Playa Grande, Las Galeras, Saman\u00e1.<\/p>\n<p><b>Tel.: 809-538-0099 | \u00a0<strong><a rel=\"noopener\">oaim.juntadistritallasgaleas@gmail.com<\/a><\/strong><\/b><\/p>\n<p>\u00a0<\/p>","protected":false},"excerpt":{"rendered":"Escarolin Mart\u00ednez Dom\u00ednguez Calle Principal, Avenida Playa Grande, Las Galeras, Saman\u00e1. Tel.: 809-538-0099 | \u00a0oaim.juntadistritallasgaleas@gmail.com \u00a0","protected":false},"author":1,"featured_media":0,"parent":0,"menu_order":0,"comment_status":"closed","ping_status":"closed","template":"","meta":[],"acf":[],"_links":{"self":[{"href":"https:\/\/juntadistritallasgaleras.gob.do\/transparencia\/wp-json\/wp\/v2\/pages\/258"}],"collection":[{"href":"https:\/\/juntadistritallasgaleras.gob.do\/transparencia\/wp-json\/wp\/v2\/pages"}],"about":[{"href":"https:\/\/juntadistritallasgaleras.gob.do\/transparencia\/wp-json\/wp\/v2\/types\/page"}],"author":[{"embeddable":true,"href":"https:\/\/juntadistritallasgaleras.gob.do\/transparencia\/wp-json\/wp\/v2\/users\/1"}],"replies":[{"embeddable":true,"href":"https:\/\/juntadistritallasgaleras.gob.do\/transparencia\/wp-json\/wp\/v2\/comments?post=258"}],"version-history":[{"count":10,"href":"https:\/\/juntadistritallasgaleras.gob.do\/transparencia\/wp-json\/wp\/v2\/pages\/258\/revisions"}],"predecessor-version":[{"id":917,"href":"https:\/\/juntadistritallasgaleras.gob.do\/transparencia\/wp-json\/wp\/v2\/pages\/258\/revisions\/917"}],"wp:attachment":[{"href":"https:\/\/juntadistritallasgaleras.gob.do\/transparencia\/wp-json\/wp\/v2\/media?parent=258"}],"curies":[{"name":"wp","href":"https:\/\/api.w.org\/{rel}","templated":true}]}}